{"id":36528,"date":"2022-04-14T12:11:48","date_gmt":"2022-04-14T10:11:48","guid":{"rendered":"https:\/\/omegaaccounting.wpmudev.host\/?page_id=36528"},"modified":"2022-04-14T12:52:06","modified_gmt":"2022-04-14T10:52:06","slug":"intrum-inkasso","status":"publish","type":"page","link":"https:\/\/kunstarkaden.no\/roedl\/intrum-inkasso\/","title":{"rendered":"Intrum Inkasso"},"content":{"rendered":"\t\t<div data-elementor-type=\"wp-page\" data-elementor-id=\"36528\" class=\"elementor elementor-36528\" data-elementor-post-type=\"page\">\n\t\t\t\t\t\t<section class=\"elementor-section elementor-top-section elementor-element elementor-element-184b1e4d elementor-section-full_width elementor-section-height-default elementor-section-height-default\" data-id=\"184b1e4d\" data-element_type=\"section\" data-e-type=\"section\">\n\t\t\t\t\t\t<div class=\"elementor-container elementor-column-gap-no\">\n\t\t\t\t\t<div class=\"elementor-column elementor-col-100 elementor-top-column elementor-element elementor-element-5adff99b\" data-id=\"5adff99b\" data-element_type=\"column\" data-e-type=\"column\">\n\t\t\t<div class=\"elementor-widget-wrap elementor-element-populated\">\n\t\t\t\t\t\t<div class=\"elementor-element elementor-element-402e894e elementor-widget elementor-widget-html\" data-id=\"402e894e\" data-element_type=\"widget\" data-e-type=\"widget\" data-widget_type=\"html.default\">\n\t\t\t\t<div class=\"elementor-widget-container\">\n\t\t\t\t\t<div class=\"loader\" ><\/div>\n<script>\ndocument.addEventListener('DOMContentLoaded', function() {\njQuery(function($){\n$('.loader').fadeOut('slow');\n}); });\n<\/script>\n<style>\n.loader {\nposition: fixed;\nleft: 0px;\ntop: 0px;\nwidth: 100%;\nheight: 100%;\nz-index: 9999;\nbackground: url('wp-content\/uploads\/sites\/68\/2020\/12\/Ripple-3s-164px.gif') 50% 50% no-repeat #fff; \/* Change the #fff here to your background color of choice for the preloader fullscreen section *\/\n}\n.elementor-editor-active .loader{\ndisplay: none;\n}\n<\/style>\n\t\t\t\t<\/div>\n\t\t\t\t<\/div>\n\t\t\t\t\t<\/div>\n\t\t<\/div>\n\t\t\t\t\t<\/div>\n\t\t<\/section>\n\t\t\t\t<section class=\"elementor-section elementor-top-section elementor-element elementor-element-11d9d701 elementor-section-height-min-height elementor-section-boxed elementor-section-height-default elementor-section-items-middle\" data-id=\"11d9d701\" data-element_type=\"section\" data-e-type=\"section\" data-settings=\"{&quot;background_background&quot;:&quot;classic&quot;}\">\n\t\t\t\t\t\t\t<div class=\"elementor-background-overlay\"><\/div>\n\t\t\t\t\t\t\t<div class=\"elementor-container elementor-column-gap-wider\">\n\t\t\t\t\t<div class=\"elementor-column elementor-col-50 elementor-top-column elementor-element elementor-element-723f869\" data-id=\"723f869\" data-element_type=\"column\" data-e-type=\"column\">\n\t\t\t<div class=\"elementor-widget-wrap elementor-element-populated\">\n\t\t\t\t\t\t<div class=\"elementor-element elementor-element-69de0279 elementor-widget elementor-widget-heading\" data-id=\"69de0279\" data-element_type=\"widget\" data-e-type=\"widget\" data-widget_type=\"heading.default\">\n\t\t\t\t<div class=\"elementor-widget-container\">\n\t\t\t\t\t<h3 class=\"elementor-heading-title elementor-size-default\">Intrum Inkasso<\/h3>\t\t\t\t<\/div>\n\t\t\t\t<\/div>\n\t\t\t\t<div class=\"elementor-element elementor-element-4624f972 elementor-widget__width-auto elementor-widget elementor-widget-heading\" data-id=\"4624f972\" data-element_type=\"widget\" data-e-type=\"widget\" data-widget_type=\"heading.default\">\n\t\t\t\t<div class=\"elementor-widget-container\">\n\t\t\t\t\t<div class=\"elementor-heading-title elementor-size-default\">Har du en purre- eller inkasso sak?<\/div>\t\t\t\t<\/div>\n\t\t\t\t<\/div>\n\t\t\t\t\t<\/div>\n\t\t<\/div>\n\t\t\t\t<div class=\"elementor-column elementor-col-50 elementor-top-column elementor-element elementor-element-32d4f990\" data-id=\"32d4f990\" data-element_type=\"column\" data-e-type=\"column\">\n\t\t\t<div class=\"elementor-widget-wrap elementor-element-populated\">\n\t\t\t\t\t\t<div class=\"elementor-element elementor-element-ba251d7 elementor-widget elementor-widget-video\" data-id=\"ba251d7\" data-element_type=\"widget\" data-e-type=\"widget\" data-settings=\"{&quot;youtube_url&quot;:&quot;https:\\\/\\\/youtu.be\\\/2aAejts05kI&quot;,&quot;show_image_overlay&quot;:&quot;yes&quot;,&quot;image_overlay&quot;:{&quot;url&quot;:&quot;&quot;,&quot;id&quot;:&quot;&quot;,&quot;size&quot;:&quot;&quot;,&quot;alt&quot;:&quot;&quot;,&quot;source&quot;:&quot;library&quot;},&quot;lazy_load&quot;:&quot;yes&quot;,&quot;video_type&quot;:&quot;youtube&quot;,&quot;controls&quot;:&quot;yes&quot;}\" data-widget_type=\"video.default\">\n\t\t\t\t<div class=\"elementor-widget-container\">\n\t\t\t\t\t\t\t<div class=\"elementor-wrapper elementor-open-inline\">\n\t\t\t<div class=\"elementor-video\"><\/div>\t\t<\/div>\n\t\t\t\t\t\t<\/div>\n\t\t\t\t<\/div>\n\t\t\t\t\t<\/div>\n\t\t<\/div>\n\t\t\t\t\t<\/div>\n\t\t<\/section>\n\t\t\t\t<section class=\"elementor-section elementor-top-section elementor-element elementor-element-1be0cc3 elementor-reverse-tablet elementor-section-boxed elementor-section-height-default elementor-section-height-default\" data-id=\"1be0cc3\" data-element_type=\"section\" data-e-type=\"section\" data-settings=\"{&quot;background_background&quot;:&quot;classic&quot;}\">\n\t\t\t\t\t\t<div class=\"elementor-container elementor-column-gap-no\">\n\t\t\t\t\t<div class=\"elementor-column elementor-col-100 elementor-top-column elementor-element elementor-element-7b40d78\" data-id=\"7b40d78\" data-element_type=\"column\" data-e-type=\"column\">\n\t\t\t<div class=\"elementor-widget-wrap elementor-element-populated\">\n\t\t\t\t\t\t<div class=\"elementor-element elementor-element-fccdff2 elementor-cta--layout-image-right elementor-cta--skin-classic elementor-animated-content elementor-bg-transform elementor-bg-transform-zoom-in elementor-widget elementor-widget-call-to-action\" data-id=\"fccdff2\" data-element_type=\"widget\" data-e-type=\"widget\" data-widget_type=\"call-to-action.default\">\n\t\t\t\t<div class=\"elementor-widget-container\">\n\t\t\t\t\t\t\t<div class=\"elementor-cta\">\n\t\t\t\t\t\t\t<div class=\"elementor-cta__content\">\n\t\t\t\t\n\t\t\t\t\t\t\t\t\t<h2 class=\"elementor-cta__title elementor-cta__content-item elementor-content-item\">\n\t\t\t\t\t\tHvorfor bruke<br>et profesjonelt inkassobyr\u00e5?\t\t\t\t\t<\/h2>\n\t\t\t\t\n\t\t\t\t\t\t\t\t\t<div class=\"elementor-cta__description elementor-cta__content-item elementor-content-item\">\n\t\t\t\t\t\tMange forbinder inkasso med \u00e5 f\u00e5 inn penger fra kunder som ellers ikke hadde betalt. I realiteten gir inkasso bedriften din flere \u00f8konomiske fordeler enn \u00e5 unng\u00e5 tap. Inkasso \u00f8ker sannsynligheten for at kunden din prioriterer \u00e5 betale fakturaen fra nettopp din bedrift, og at fakturaen blir betalt raskere. Profesjonelle inkassobyr\u00e5er kan hjelpe deg med:\n<br><br>\n\u2022 Redusert kredittid\u00a0- Du f\u00e5r pengene dine raskere fra kunden.\n<br><br>\n\u2022 \u00d8kt likviditet\u00a0- Inkasso er et effektivt virkemiddel for \u00e5 redusere kredittiden, som igjen f\u00f8rer til bedre likviditet.<br><br>\n\u2022 H\u00f8y l\u00f8sningsgrad\u00a0- \u00a0Du f\u00e5r inn flere utest\u00e5ende bel\u00f8p.<br><br>\nInkasso gj\u00f8r det med andre ord lettere \u00e5 f\u00e5 gode \u00f8konomiske rutiner i bedriften din.<br><br>\t\t\t\t\t<\/div>\n\t\t\t\t\n\t\t\t\t\t\t\t\t\t<div class=\"elementor-cta__button-wrapper elementor-cta__content-item elementor-content-item \">\n\t\t\t\t\t<a class=\"elementor-cta__button elementor-button elementor-size-\" href=\"https:\/\/kunstarkaden.no\/roedl\/kontakt-oss\/\" target=\"_blank\">\n\t\t\t\t\t\tKontakt oss\t\t\t\t\t<\/a>\n\t\t\t\t\t<\/div>\n\t\t\t\t\t\t\t<\/div>\n\t\t\t\t\t\t<\/div>\n\t\t\t\t\t\t<\/div>\n\t\t\t\t<\/div>\n\t\t\t\t<div class=\"elementor-element elementor-element-d2eeed6 elementor-cta--layout-image-right elementor-cta--skin-classic elementor-animated-content elementor-bg-transform elementor-bg-transform-zoom-in elementor-widget elementor-widget-call-to-action\" data-id=\"d2eeed6\" data-element_type=\"widget\" data-e-type=\"widget\" data-widget_type=\"call-to-action.default\">\n\t\t\t\t<div class=\"elementor-widget-container\">\n\t\t\t\t\t\t\t<div class=\"elementor-cta\">\n\t\t\t\t\t\t\t<div class=\"elementor-cta__content\">\n\t\t\t\t\n\t\t\t\t\t\t\t\t\t<h2 class=\"elementor-cta__title elementor-cta__content-item elementor-content-item\">\n\t\t\t\t\t\tHva er inkasso?\t\t\t\t\t<\/h2>\n\t\t\t\t\n\t\t\t\t\t\t\t\t\t<div class=\"elementor-cta__description elementor-cta__content-item elementor-content-item\">\n\t\t\t\t\t\tInkasso er oppf\u00f8lging av ubetalte fakturaer etter fakturaens forfall. Inkasso betyr med andre ord at man krever inn penger fra kunder som ikke har betalt regningene sine i tide. Inkasso kan foretas av selgeren selv, eller av et inkassobyr\u00e5.\t\t\t\t\t<\/div>\n\t\t\t\t\n\t\t\t\t\t\t\t<\/div>\n\t\t\t\t\t\t<\/div>\n\t\t\t\t\t\t<\/div>\n\t\t\t\t<\/div>\n\t\t\t\t<div class=\"elementor-element elementor-element-4220df3 elementor-cta--layout-image-right elementor-cta--skin-classic elementor-animated-content elementor-bg-transform elementor-bg-transform-zoom-in elementor-widget elementor-widget-call-to-action\" data-id=\"4220df3\" data-element_type=\"widget\" data-e-type=\"widget\" data-widget_type=\"call-to-action.default\">\n\t\t\t\t<div class=\"elementor-widget-container\">\n\t\t\t\t\t\t\t<div class=\"elementor-cta\">\n\t\t\t\t\t\t\t<div class=\"elementor-cta__content\">\n\t\t\t\t\n\t\t\t\t\t\t\t\t\t<h2 class=\"elementor-cta__title elementor-cta__content-item elementor-content-item\">\n\t\t\t\t\t\tHvordan fungerer inkasso?\t\t\t\t\t<\/h2>\n\t\t\t\t\n\t\t\t\t\t\t\t\t\t<div class=\"elementor-cta__description elementor-cta__content-item elementor-content-item\">\n\t\t\t\t\t\t\u00c5 kreve inn forfalte pengekrav kan v\u00e6re en omstendig prosess, og det er viktig at det gj\u00f8res riktig.\u00a0Inkassoprosessen\u00a0inneholder flere ulike steg, og involverer potensielt en rekke instanser hvis saken g\u00e5r langt. Av og til holder det at vi sender et brev eller en SMS, mens andre ganger m\u00e5 vi involvere namsmannen og rettsvesenet.<br><br>\nVi \u00f8nsker \u00e5 f\u00e5 frem at inkasso er en ferskvare. Erfaringsmessig vet vi at jo raskere du kommer i gang med inkassoprosessen, jo mer sannsynlig er det at du f\u00e5r pengene dine raskt.<br><br>\t\t\t\t\t<\/div>\n\t\t\t\t\n\t\t\t\t\t\t\t\t\t<div class=\"elementor-cta__button-wrapper elementor-cta__content-item elementor-content-item \">\n\t\t\t\t\t<a class=\"elementor-cta__button elementor-button elementor-size-\" href=\"https:\/\/kunstarkaden.no\/roedl\/kontakt-oss\/\">\n\t\t\t\t\t\tKontakt oss\t\t\t\t\t<\/a>\n\t\t\t\t\t<\/div>\n\t\t\t\t\t\t\t<\/div>\n\t\t\t\t\t\t<\/div>\n\t\t\t\t\t\t<\/div>\n\t\t\t\t<\/div>\n\t\t\t\t\t<\/div>\n\t\t<\/div>\n\t\t\t\t\t<\/div>\n\t\t<\/section>\n\t\t\t\t<\/div>\n\t\t","protected":false},"excerpt":{"rendered":"<p>Intrum Inkasso Har du en purre- eller inkasso sak? Hvorfor brukeet profesjonelt inkassobyr\u00e5? Mange forbinder inkasso med \u00e5 f\u00e5 inn penger fra kunder som ellers ikke hadde betalt. I realiteten gir inkasso bedriften din flere \u00f8konomiske fordeler enn \u00e5 unng\u00e5 tap. Inkasso \u00f8ker sannsynligheten for at kunden din prioriterer \u00e5 betale fakturaen fra nettopp din [&hellip;]<\/p>\n","protected":false},"author":24,"featured_media":0,"parent":0,"menu_order":0,"comment_status":"closed","ping_status":"closed","template":"","meta":{"footnotes":""},"class_list":["post-36528","page","type-page","status-publish","hentry"],"_links":{"self":[{"href":"https:\/\/kunstarkaden.no\/roedl\/wp-json\/wp\/v2\/pages\/36528","targetHints":{"allow":["GET"]}}],"collection":[{"href":"https:\/\/kunstarkaden.no\/roedl\/wp-json\/wp\/v2\/pages"}],"about":[{"href":"https:\/\/kunstarkaden.no\/roedl\/wp-json\/wp\/v2\/types\/page"}],"author":[{"embeddable":true,"href":"https:\/\/kunstarkaden.no\/roedl\/wp-json\/wp\/v2\/users\/24"}],"replies":[{"embeddable":true,"href":"https:\/\/kunstarkaden.no\/roedl\/wp-json\/wp\/v2\/comments?post=36528"}],"version-history":[{"count":0,"href":"https:\/\/kunstarkaden.no\/roedl\/wp-json\/wp\/v2\/pages\/36528\/revisions"}],"wp:attachment":[{"href":"https:\/\/kunstarkaden.no\/roedl\/wp-json\/wp\/v2\/media?parent=36528"}],"curies":[{"name":"wp","href":"https:\/\/api.w.org\/{rel}","templated":true}]}}