{"id":36528,"date":"2022-04-14T12:11:48","date_gmt":"2022-04-14T10:11:48","guid":{"rendered":"https:\/\/omegaaccounting.wpmudev.host\/?page_id=36528"},"modified":"2022-04-14T12:52:06","modified_gmt":"2022-04-14T10:52:06","slug":"intrum-inkasso","status":"publish","type":"page","link":"https:\/\/kunstarkaden.no\/roedl\/pl\/intrum-inkasso\/","title":{"rendered":"Intrum Inkasso"},"content":{"rendered":"<div data-elementor-type=\"wp-page\" data-elementor-id=\"36528\" class=\"elementor elementor-36528\" data-elementor-post-type=\"page\">\n\t\t\t\t\t\t<section class=\"elementor-section elementor-top-section elementor-element elementor-element-184b1e4d elementor-section-full_width elementor-section-height-default elementor-section-height-default\" data-id=\"184b1e4d\" data-element_type=\"section\" data-e-type=\"section\">\n\t\t\t\t\t\t<div class=\"elementor-container elementor-column-gap-no\">\n\t\t\t\t\t<div class=\"elementor-column elementor-col-100 elementor-top-column elementor-element elementor-element-5adff99b\" data-id=\"5adff99b\" data-element_type=\"column\" data-e-type=\"column\">\n\t\t\t<div class=\"elementor-widget-wrap elementor-element-populated\">\n\t\t\t\t\t\t<div class=\"elementor-element elementor-element-402e894e elementor-widget elementor-widget-html\" data-id=\"402e894e\" data-element_type=\"widget\" data-e-type=\"widget\" data-widget_type=\"html.default\">\n\t\t\t\t<div class=\"elementor-widget-container\">\n\t\t\t\t\t<div class=\"loader\" ><\/div>\n<script>\ndocument.addEventListener('DOMContentLoaded', function() {\njQuery(function($){\n$('.loader').fadeOut('slow');\n}); });\n<\/script>\n<style>\n.loader {\nposition: fixed;\nleft: 0px;\ntop: 0px;\nwidth: 100%;\nheight: 100%;\nz-index: 9999;\nbackground: url('wp-content\/uploads\/sites\/68\/2020\/12\/Ripple-3s-164px.gif') 50% 50% no-repeat #fff; \/* Change the #fff here to your background color of choice for the preloader fullscreen section *\/\n}\n.elementor-editor-active .loader{\ndisplay: none;\n}\n<\/style>\n\t\t\t\t<\/div>\n\t\t\t\t<\/div>\n\t\t\t\t\t<\/div>\n\t\t<\/div>\n\t\t\t\t\t<\/div>\n\t\t<\/section>\n\t\t\t\t<section class=\"elementor-section elementor-top-section elementor-element elementor-element-11d9d701 elementor-section-height-min-height elementor-section-boxed elementor-section-height-default elementor-section-items-middle\" data-id=\"11d9d701\" data-element_type=\"section\" data-e-type=\"section\" data-settings=\"{&quot;background_background&quot;:&quot;classic&quot;}\">\n\t\t\t\t\t\t\t<div class=\"elementor-background-overlay\"><\/div>\n\t\t\t\t\t\t\t<div class=\"elementor-container elementor-column-gap-wider\">\n\t\t\t\t\t<div class=\"elementor-column elementor-col-50 elementor-top-column elementor-element elementor-element-723f869\" data-id=\"723f869\" data-element_type=\"column\" data-e-type=\"column\">\n\t\t\t<div class=\"elementor-widget-wrap elementor-element-populated\">\n\t\t\t\t\t\t<div class=\"elementor-element elementor-element-69de0279 elementor-widget elementor-widget-heading\" data-id=\"69de0279\" data-element_type=\"widget\" data-e-type=\"widget\" data-widget_type=\"heading.default\">\n\t\t\t\t<div class=\"elementor-widget-container\">\n\t\t\t\t\t<h3 class=\"elementor-heading-title elementor-size-default\">Intrum Inkasso<\/h3>\t\t\t\t<\/div>\n\t\t\t\t<\/div>\n\t\t\t\t<div class=\"elementor-element elementor-element-4624f972 elementor-widget__width-auto elementor-widget elementor-widget-heading\" data-id=\"4624f972\" data-element_type=\"widget\" data-e-type=\"widget\" data-widget_type=\"heading.default\">\n\t\t\t\t<div class=\"elementor-widget-container\">\n\t\t\t\t\t<div class=\"elementor-heading-title elementor-size-default\">Having problems collecting debts?<\/div>\t\t\t\t<\/div>\n\t\t\t\t<\/div>\n\t\t\t\t\t<\/div>\n\t\t<\/div>\n\t\t\t\t<div class=\"elementor-column elementor-col-50 elementor-top-column elementor-element elementor-element-32d4f990\" data-id=\"32d4f990\" data-element_type=\"column\" data-e-type=\"column\">\n\t\t\t<div class=\"elementor-widget-wrap elementor-element-populated\">\n\t\t\t\t\t\t<div class=\"elementor-element elementor-element-ba251d7 elementor-widget elementor-widget-video\" data-id=\"ba251d7\" data-element_type=\"widget\" data-e-type=\"widget\" data-settings=\"{&quot;youtube_url&quot;:&quot;https:\\\/\\\/youtu.be\\\/2aAejts05kI&quot;,&quot;show_image_overlay&quot;:&quot;yes&quot;,&quot;image_overlay&quot;:{&quot;url&quot;:&quot;&quot;,&quot;id&quot;:&quot;&quot;,&quot;size&quot;:&quot;&quot;,&quot;alt&quot;:&quot;&quot;,&quot;source&quot;:&quot;library&quot;},&quot;lazy_load&quot;:&quot;yes&quot;,&quot;video_type&quot;:&quot;youtube&quot;,&quot;controls&quot;:&quot;yes&quot;}\" data-widget_type=\"video.default\">\n\t\t\t\t<div class=\"elementor-widget-container\">\n\t\t\t\t\t\t\t<div class=\"elementor-wrapper elementor-open-inline\">\n\t\t\t<div class=\"elementor-video\"><\/div>\t\t<\/div>\n\t\t\t\t\t\t<\/div>\n\t\t\t\t<\/div>\n\t\t\t\t\t<\/div>\n\t\t<\/div>\n\t\t\t\t\t<\/div>\n\t\t<\/section>\n\t\t\t\t<section class=\"elementor-section elementor-top-section elementor-element elementor-element-1be0cc3 elementor-reverse-tablet elementor-section-boxed elementor-section-height-default elementor-section-height-default\" data-id=\"1be0cc3\" data-element_type=\"section\" data-e-type=\"section\" data-settings=\"{&quot;background_background&quot;:&quot;classic&quot;}\">\n\t\t\t\t\t\t<div class=\"elementor-container elementor-column-gap-no\">\n\t\t\t\t\t<div class=\"elementor-column elementor-col-100 elementor-top-column elementor-element elementor-element-7b40d78\" data-id=\"7b40d78\" data-element_type=\"column\" data-e-type=\"column\">\n\t\t\t<div class=\"elementor-widget-wrap elementor-element-populated\">\n\t\t\t\t\t\t<div class=\"elementor-element elementor-element-fccdff2 elementor-cta--layout-image-right elementor-cta--skin-classic elementor-animated-content elementor-bg-transform elementor-bg-transform-zoom-in elementor-widget elementor-widget-call-to-action\" data-id=\"fccdff2\" data-element_type=\"widget\" data-e-type=\"widget\" data-widget_type=\"call-to-action.default\">\n\t\t\t\t<div class=\"elementor-widget-container\">\n\t\t\t\t\t\t\t<div class=\"elementor-cta\">\n\t\t\t\t\t\t\t<div class=\"elementor-cta__content\">\n\t\t\t\t\n\t\t\t\t\t\t\t\t\t<h2 class=\"elementor-cta__title elementor-cta__content-item elementor-content-item translation-block\">Dlaczego warto skorzysta\u0107 z profesjonalnej firmy windykacyjnej?<\/h2>\n\t\t\t\t\n\t\t\t\t\t\t\t\t\t<div class=\"elementor-cta__description elementor-cta__content-item elementor-content-item\">\n\t\t\t\t\t\tWiele os\u00f3b kojarzy windykacj\u0119 z odzyskiwaniem pieni\u0119dzy od klient\u00f3w, kt\u00f3rzy inaczej sami by nie ich zap\u0142acili. W rzeczywisto\u015bci windykacja daje Twojej firmie wi\u0119cej korzy\u015bci finansowych ni\u017c tylko unikni\u0119cie strat. Windykacja zwi\u0119ksza prawdopodobie\u0144stwo, \u017ce Tw\u00f3j klient b\u0119dzie priorytetowo traktowa\u0142 faktury od Twojej firmy i b\u0119d\u0105 one p\u0142acone szybciej. Profesjonalne firmy windykacyjne mog\u0105 Ci pom\u00f3c w:\n<br><br>\nSkr\u00f3ceniu czasu kredytowania \u2013 Szybciej otrzymasz pieni\u0105dze od klienta.\n<br><br>\nZwi\u0119kszeniu p\u0142ynno\u015bci \u2013 Windykacja jest skutecznym narz\u0119dziem skracania okresu kredytowania, co z kolei prowadzi do poprawy p\u0142ynno\u015bci firmy.<br><br>\nZwi\u0119kszeniu stopnia rozwi\u0105zywalno\u015bci spraw \u2014 Otrzymujesz sp\u0142at\u0119 wi\u0119kszej liczby zaleg\u0142ych kwot.<br><br>\nInnymi s\u0142owy, windykacja u\u0142atwia zachowanie dobrych nawyk\u00f3w finansowych w Twojej firmie.<br><br>\t\t\t\t\t<\/div>\n\t\t\t\t\n\t\t\t\t\t\t\t\t\t<div class=\"elementor-cta__button-wrapper elementor-cta__content-item elementor-content-item\">\n\t\t\t\t\t<a class=\"elementor-cta__button elementor-button elementor-size-\" href=\"https:\/\/kunstarkaden.no\/roedl\/pl\/kontakt-oss\/\" target=\"_blank\">\n\t\t\t\t\t\tSkontaktuj si\u0119 z nami\t\t\t\t\t<\/a>\n\t\t\t\t\t<\/div>\n\t\t\t\t\t\t\t<\/div>\n\t\t\t\t\t\t<\/div>\n\t\t\t\t\t\t<\/div>\n\t\t\t\t<\/div>\n\t\t\t\t<div class=\"elementor-element elementor-element-d2eeed6 elementor-cta--layout-image-right elementor-cta--skin-classic elementor-animated-content elementor-bg-transform elementor-bg-transform-zoom-in elementor-widget elementor-widget-call-to-action\" data-id=\"d2eeed6\" data-element_type=\"widget\" data-e-type=\"widget\" data-widget_type=\"call-to-action.default\">\n\t\t\t\t<div class=\"elementor-widget-container\">\n\t\t\t\t\t\t\t<div class=\"elementor-cta\">\n\t\t\t\t\t\t\t<div class=\"elementor-cta__content\">\n\t\t\t\t\n\t\t\t\t\t\t\t\t\t<h2 class=\"elementor-cta__title elementor-cta__content-item elementor-content-item\">\n\t\t\t\t\t\tCo to jest windykacja?\t\t\t\t\t<\/h2>\n\t\t\t\t\n\t\t\t\t\t\t\t\t\t<div class=\"elementor-cta__description elementor-cta__content-item elementor-content-item\">\n\t\t\t\t\t\tWindykacja to monitorowanie niezap\u0142aconych faktur po up\u0142ywie terminu ich zapadalno\u015bci. Innymi s\u0142owy, windykacja oznacza \u200b\u200bdochodzenie swoich nale\u017cno\u015bci od klient\u00f3w, kt\u00f3rzy nie zap\u0142acili swoich rachunk\u00f3w w terminie. Windykacj\u0119 mo\u017ce przeprowadzi\u0107 sam sprzedawca (us\u0142ugodawca) lub firma windykacyjna.\t\t\t\t\t<\/div>\n\t\t\t\t\n\t\t\t\t\t\t\t<\/div>\n\t\t\t\t\t\t<\/div>\n\t\t\t\t\t\t<\/div>\n\t\t\t\t<\/div>\n\t\t\t\t<div class=\"elementor-element elementor-element-4220df3 elementor-cta--layout-image-right elementor-cta--skin-classic elementor-animated-content elementor-bg-transform elementor-bg-transform-zoom-in elementor-widget elementor-widget-call-to-action\" data-id=\"4220df3\" data-element_type=\"widget\" data-e-type=\"widget\" data-widget_type=\"call-to-action.default\">\n\t\t\t\t<div class=\"elementor-widget-container\">\n\t\t\t\t\t\t\t<div class=\"elementor-cta\">\n\t\t\t\t\t\t\t<div class=\"elementor-cta__content\">\n\t\t\t\t\n\t\t\t\t\t\t\t\t\t<h2 class=\"elementor-cta__title elementor-cta__content-item elementor-content-item\">\n\t\t\t\t\t\tJak dzia\u0142a windykacja?\t\t\t\t\t<\/h2>\n\t\t\t\t\n\t\t\t\t\t\t\t\t\t<div class=\"elementor-cta__description elementor-cta__content-item elementor-content-item\">\n\t\t\t\t\t\t\u017b\u0105danie zaleg\u0142ych roszcze\u0144 pieni\u0119\u017cnych mo\u017ce by\u0107 uci\u0105\u017cliwym procesem a wa\u017cne jest, aby odbywa\u0142 si\u0119 on w spos\u00f3b prawid\u0142owy. Proces windykacji sk\u0142ada si\u0119 z kilku etap\u00f3w i potencjalnie, je\u015bli sprawa zajdzie daleko, obejmie szereg instancji. Czasami wystarczy wys\u0142anie listu lub SMS-a, innym razem trzeba zaanga\u017cowa\u0107 komornika i wymiar sprawiedliwo\u015bci.<br><br>\nChcemy powiedzie\u0107, \u017ce inkaso\/windykacja to nowy produkt. Z do\u015bwiadczenia wiemy, \u017ce im szybciej rozpoczniesz proces windykacji, tym wi\u0119ksze prawdopodobie\u0144stwo, \u017ce szybko uzyskasz swoje pieni\u0105dze.<br><br>\t\t\t\t\t<\/div>\n\t\t\t\t\n\t\t\t\t\t\t\t\t\t<div class=\"elementor-cta__button-wrapper elementor-cta__content-item elementor-content-item\">\n\t\t\t\t\t<a class=\"elementor-cta__button elementor-button elementor-size-\" href=\"https:\/\/kunstarkaden.no\/roedl\/pl\/kontakt-oss\/\">\n\t\t\t\t\t\tSkontaktuj si\u0119 z nami\t\t\t\t\t<\/a>\n\t\t\t\t\t<\/div>\n\t\t\t\t\t\t\t<\/div>\n\t\t\t\t\t\t<\/div>\n\t\t\t\t\t\t<\/div>\n\t\t\t\t<\/div>\n\t\t\t\t\t<\/div>\n\t\t<\/div>\n\t\t\t\t\t<\/div>\n\t\t<\/section>\n\t\t\t\t<\/div>","protected":false},"excerpt":{"rendered":"<p>Intrum Inkasso Har du en purre- eller inkasso sak? Hvorfor brukeet profesjonelt inkassobyr\u00e5? Mange forbinder inkasso med \u00e5 f\u00e5 inn penger fra kunder som ellers ikke hadde betalt. I realiteten gir inkasso bedriften din flere \u00f8konomiske fordeler enn \u00e5 unng\u00e5 tap. Inkasso \u00f8ker sannsynligheten for at kunden din prioriterer \u00e5 betale fakturaen fra nettopp din [&hellip;]<\/p>\n","protected":false},"author":24,"featured_media":0,"parent":0,"menu_order":0,"comment_status":"closed","ping_status":"closed","template":"","meta":{"footnotes":""},"class_list":["post-36528","page","type-page","status-publish","hentry"],"_links":{"self":[{"href":"https:\/\/kunstarkaden.no\/roedl\/pl\/wp-json\/wp\/v2\/pages\/36528","targetHints":{"allow":["GET"]}}],"collection":[{"href":"https:\/\/kunstarkaden.no\/roedl\/pl\/wp-json\/wp\/v2\/pages"}],"about":[{"href":"https:\/\/kunstarkaden.no\/roedl\/pl\/wp-json\/wp\/v2\/types\/page"}],"author":[{"embeddable":true,"href":"https:\/\/kunstarkaden.no\/roedl\/pl\/wp-json\/wp\/v2\/users\/24"}],"replies":[{"embeddable":true,"href":"https:\/\/kunstarkaden.no\/roedl\/pl\/wp-json\/wp\/v2\/comments?post=36528"}],"version-history":[{"count":0,"href":"https:\/\/kunstarkaden.no\/roedl\/pl\/wp-json\/wp\/v2\/pages\/36528\/revisions"}],"wp:attachment":[{"href":"https:\/\/kunstarkaden.no\/roedl\/pl\/wp-json\/wp\/v2\/media?parent=36528"}],"curies":[{"name":"wp","href":"https:\/\/api.w.org\/{rel}","templated":true}]}}