{"id":3817,"date":"2021-01-11T15:57:12","date_gmt":"2021-01-11T14:57:12","guid":{"rendered":"https:\/\/omegaaccounting.wpmudev.host\/?page_id=3817"},"modified":"2023-06-28T14:54:35","modified_gmt":"2023-06-28T12:54:35","slug":"personvern","status":"publish","type":"page","link":"https:\/\/kunstarkaden.no\/roedl\/en\/personvern\/","title":{"rendered":"Personvern NO"},"content":{"rendered":"\t\t<div data-elementor-type=\"wp-page\" data-elementor-id=\"3817\" class=\"elementor elementor-3817\" data-elementor-post-type=\"page\">\n\t\t\t\t\t\t<section class=\"elementor-section elementor-top-section elementor-element elementor-element-67719dcb elementor-section-height-min-height elementor-section-boxed elementor-section-height-default elementor-section-items-middle\" data-id=\"67719dcb\" data-element_type=\"section\" data-e-type=\"section\" data-settings=\"{&quot;background_background&quot;:&quot;classic&quot;,&quot;background_motion_fx_motion_fx_scrolling&quot;:&quot;yes&quot;,&quot;background_motion_fx_range&quot;:&quot;viewport&quot;,&quot;background_motion_fx_devices&quot;:[&quot;desktop&quot;,&quot;tablet&quot;,&quot;mobile&quot;]}\">\n\t\t\t\t\t\t\t<div class=\"elementor-background-overlay\"><\/div>\n\t\t\t\t\t\t\t<div class=\"elementor-container elementor-column-gap-wider\">\n\t\t\t\t\t<div class=\"elementor-column elementor-col-100 elementor-top-column elementor-element elementor-element-4707b55d\" data-id=\"4707b55d\" data-element_type=\"column\" data-e-type=\"column\">\n\t\t\t<div class=\"elementor-widget-wrap elementor-element-populated\">\n\t\t\t\t\t\t<div class=\"elementor-element elementor-element-42235ef4 elementor-widget elementor-widget-heading\" data-id=\"42235ef4\" data-element_type=\"widget\" data-e-type=\"widget\" data-widget_type=\"heading.default\">\n\t\t\t\t<div class=\"elementor-widget-container\">\n\t\t\t\t\t<h2 class=\"elementor-heading-title elementor-size-default\">Personvern<\/h2>\t\t\t\t<\/div>\n\t\t\t\t<\/div>\n\t\t\t\t<div class=\"elementor-element elementor-element-5f5d74bc elementor-widget__width-auto elementor-widget elementor-widget-heading\" data-id=\"5f5d74bc\" data-element_type=\"widget\" data-e-type=\"widget\" data-widget_type=\"heading.default\">\n\t\t\t\t<div class=\"elementor-widget-container\">\n\t\t\t\t\t<div class=\"elementor-heading-title elementor-size-default\">Kort og i store bokstaver<\/div>\t\t\t\t<\/div>\n\t\t\t\t<\/div>\n\t\t\t\t\t<\/div>\n\t\t<\/div>\n\t\t\t\t\t<\/div>\n\t\t<\/section>\n\t\t\t\t<section class=\"elementor-section elementor-top-section elementor-element elementor-element-3a33b1b elementor-section-boxed elementor-section-height-default elementor-section-height-default\" data-id=\"3a33b1b\" data-element_type=\"section\" data-e-type=\"section\" data-settings=\"{&quot;background_background&quot;:&quot;classic&quot;}\">\n\t\t\t\t\t\t\t<div class=\"elementor-background-overlay\"><\/div>\n\t\t\t\t\t\t\t<div class=\"elementor-container elementor-column-gap-no\">\n\t\t\t\t\t<div class=\"elementor-column elementor-col-100 elementor-top-column elementor-element elementor-element-682d1797\" data-id=\"682d1797\" data-element_type=\"column\" data-e-type=\"column\">\n\t\t\t<div class=\"elementor-widget-wrap elementor-element-populated\">\n\t\t\t\t\t\t<section class=\"elementor-section elementor-inner-section elementor-element elementor-element-13ff6d93 elementor-section-boxed elementor-section-height-default elementor-section-height-default\" data-id=\"13ff6d93\" data-element_type=\"section\" data-e-type=\"section\">\n\t\t\t\t\t\t<div class=\"elementor-container elementor-column-gap-wider\">\n\t\t\t\t\t<div class=\"elementor-column elementor-col-100 elementor-inner-column elementor-element elementor-element-55d1bad1\" data-id=\"55d1bad1\" data-element_type=\"column\" data-e-type=\"column\">\n\t\t\t<div class=\"elementor-widget-wrap elementor-element-populated\">\n\t\t\t\t\t\t<div class=\"elementor-element elementor-element-095abe1 elementor-widget elementor-widget-text-editor\" data-id=\"095abe1\" data-element_type=\"widget\" data-e-type=\"widget\" data-widget_type=\"text-editor.default\">\n\t\t\t\t<div class=\"elementor-widget-container\">\n\t\t\t\t\t\t\t\t\t<p>Denne personvernerkl\u00e6ringen gjelder for R\u00f6dl Accounting AS sin nettside \u2013 <a href=\"https:\/\/kunstarkaden.no\/roedl\"><span style=\"color: #993300;\">omegaaccounting.wpmudev.host<\/span><\/a><\/p><p>R\u00f6dl Accounting AS er behandlingsansvarlig for personopplysningene som samles inn p\u00e5 denne nettsiden.<\/p><p>R\u00f6dl Accounting AS samler ikke inn sensitive<br \/>personopplysninger. Personopplysninger som sendes til oss via e-post, telefon eller kontaktskjema vil bare bli brukt til \u00e5 kontakte deg i forbindelse med din henvendelse. Opplysningene vil ikke bli brukt til noe annet enn hva som vil v\u00e6re relevant for ditt kundeforhold.<\/p><p><strong>Hvor lenge oppbevarer vi opplysninger?<\/strong><br \/>Personopplysninger som sendes til oss via kontaktskjema p\u00e5 v\u00e5re nettsider, lagres i opptil 6 m\u00e5neder f\u00f8r de slettes permanent fra v\u00e5re systemer.<br \/>Som bruker av v\u00e5r nettside har du rett til \u00e5 kreve innsyn i personopplysningene som vi behandler om deg og hvordan de behandles. Du kan ogs\u00e5 kreve retting, sletting og begrensninger i behandlingen av personopplysninger i henhold til personopplysningsloven.<br \/>Informasjon og personopplysninger kan slettes p\u00e5 oppfordring ved \u00e5 kontakte oss:<br \/><a href=\"mailto:post@omega-as.no\"><span style=\"color: #993300;\">post@omega-as.no<\/span><\/a>\u00a0Telefon: 910 00 900<\/p><p><strong>Cookies \/ informasjonskapsler<\/strong><br \/><span style=\"color: #993300;\">omegaaccounting.wpmudev.host<\/span>\u00a0benytter som de fleste andre nettsteder informasjonskapsler. Informasjonskapsler er sm\u00e5 midlertidige filer som blir lagret p\u00e5 datamaskinen din for at nettsiden v\u00e5r skal virke best mulig for deg som bruker.<\/p><p>Hensikten er at nettleseren skal kunne ivareta personlig informasjon fra forskjellige vevtjenere p\u00e5 nettet, for eksempel identifisering og sporing av brukernavigering. Bruk av informasjonskapsler gj\u00f8r det enkelt for programmerere \u00e5 h\u00e5ndtere for eksempel brukerpreferanser og elektronisk handlekurv.<\/p><p>Dette medf\u00f8rer ingen sikkerhetsrisiko for deg, og du kan n\u00e5r som helst avsl\u00e5 \u00e5 samtykke i lagring av informasjonskapsler. Merk at ved \u00e5 endre p\u00e5 innstillingene for cookies i din nettleser kan det f\u00f8re til at mange nettsteder ikke fungerer optimalt.<br \/>Slik administrerer du informasjonskapsler\u00a0(<span style=\"color: #993300;\"><a style=\"color: #993300;\" href=\"https:\/\/nettvett.no\" target=\"_blank\" rel=\"nofollow noopener\">Nettvett.no<\/a><\/span>)<\/p><p><strong>Informasjonskapsler som benyttes p\u00e5 v\u00e5r nettside:<\/strong><\/p><p>WordPress<\/p><p>Informasjonskapsler for visning og funksjonalitet.<\/p><p>Google Analytics<\/p><p>Google Analytics er en nettanalysetjeneste som leveres av Google, Inc. (\u201dGoogle\u201d). Google Analytics bruker cookies for \u00e5 analysere hvordan brukere benytter nettstedet. Informasjonene som genereres av en slik cookie ved bruk av det aktuelle nettstedet, inkludert din IP-adresse, sendes til Google og lagres p\u00e5 servere i USA. Vi bruker anonymizeIP, en funksjon i sporingskoden som gj\u00f8r at en enkeltbruker ikke kan identifiseres.<\/p><p>Google bruker denne informasjonen for \u00e5 vurdere bruken av nettstedet, samt for \u00e5 yte andre tjenester i tilknytning til aktiviteter p\u00e5 nettstedet og bruk av internett.<br \/>Google kan overf\u00f8re denne informasjonen til tredjepart hvis dette kreves iht. lovverket eller i tilfeller hvor tredjeparter behandler informasjonen p\u00e5 vegne av Google.<\/p><p>Google vil ikke koble din IP-adresse med annen informasjon Google har.<br \/>V\u00e5re nettsider bruker Google Analytics for \u00e5 analysere bruken av nettsiden. Vi f\u00e5r informasjon om hvilke sider som er mest bes\u00f8kt, hvor brukerne kommer fra, p\u00e5 hvilke tidspunkter sidene er bes\u00f8kt osv.<\/p><p>Du kan deaktivere informasjonskapsler fra Google Analytics her.<\/p><p>Sosiale medier<\/p><p>Cookies fra sosiale medier kan settes dersom du er logget p\u00e5 en eller flere sosiale medier og bruker en funksjon eller link via v\u00e5r nettside som er tilknyttet en av disse tjenestene. Informasjonen kan ogs\u00e5 brukes til \u00e5 gi deg relevante tilbud i sosiale medier.<\/p><p><strong>Innebygd innhold fra andre nettsider<\/strong><\/p><p>Artikler p\u00e5 denne siden kan inkludere innebygd innhold (f.eks. videoer, bilder, artikler osv.). Innebygd innhold fra andre nettsteder oppf\u00f8rer seg p\u00e5 n\u00f8yaktig samme m\u00e5te som om den bes\u00f8kende hadde bes\u00f8kt nettstedet som det innebygde innholdet kommer fra. Disse nettstedene kan samle inn opplysninger om deg, bruke informasjonskapsler eller bygge inn sporingssystemer fra en tredjepart og overv\u00e5ke hva du gj\u00f8r via dette innebygde innholdet. Dette omfatter ogs\u00e5 sporing av handlingene dine via det innebygde innholdet dersom du har en konto og er logget inn p\u00e5 nettstedet. For eksempel youtube.com.<\/p><p>Samtykke til bruk av informasjonskapsler<br \/>N\u00e5r du bes\u00f8ker og bruker\u00a0omegaaccounting.wpmudev.host, samtykker du i v\u00e5r bruk av informasjonskapsler.<\/p><p><strong>DATABEHANDLERAVTALE<\/strong><br \/>Kilde: Regnskap Norge<\/p><p><span style=\"text-decoration: underline;\">1. BAKGRUNN<\/span><\/p><p>Gjennomf\u00f8ring av oppdraget inneb\u00e6rer at regnskapsforetaket behandler personopplysninger p\u00e5 vegne av Kunden. Regnskapsforetaket opptrer derved som Databehandler for den Behandlingsansvarlige Kunden.<\/p><p>Denne databehandleravtalen har til hensikt \u00e5 regulere Regnskapsforetakets behandling av personopplysninger p\u00e5 vegne av Kunden, og derved sikre at Behandlingen skjer i samsvar med personopplysningsloven (LOV-2018-06-15-38), herunder EUs personvernforordning (EU\/2016\/679), og senere lovgivning som erstatter eller supplere disse (&laquo;Personopplysningsregelverket&raquo;).<\/p><p>Definisjonene i personvernforordningen artikkel 4 gjelder for tilsvarende for begreper brukt i denne databehandleravtalen.<\/p><p><span style=\"text-decoration: underline;\">2. BEHANDLINGENS FORM\u00c5L OG ART<\/span><\/p><p>Form\u00e5let med Regnskapsforetakets behandling av personopplysninger er \u00e5 gjennomf\u00f8re regnskapsoppdraget i samsvar med Avtalen, herunder Regnskap Norges standard leveransevilk\u00e5r for regnskapsoppdrag (&laquo;Standardvilk\u00e5rene&raquo;).<\/p><p>I Vedlegg 1 i avtalen beskrives de konkrete form\u00e5lene med Behandlingene, samt de kategorier Personopplysninger og Registrerte som omfattes.<\/p><p>Databehandleravtalen gjelder ikke for Behandling av Personopplysninger som utf\u00f8res for Regnskapsforetakets egne form\u00e5l. Dette omfatter ogs\u00e5 Behandlinger som er n\u00f8dvendige for \u00e5 oppfylle plikter som Regnskapsforetaket er p\u00e5lagt gjennom lov. For slike Behandlinger er Regnskapsforetaket selv Behandlingsansvarlig.<\/p><p><span style=\"text-decoration: underline;\">3. REGNSKAPSFORETAKETS PLIKTER<\/span><\/p><p>3.1. R\u00e5dighetsforbud og varslingsplikt<br \/>Regnskapsforetaket skal bare Behandle Personopplysninger i tr\u00e5d med dokumenterte instrukser fra Kunden, herunder i Avtalen og i denne databehandleravtalens Vedlegg 1 i avtalen.<\/p><p>Dersom Regnskapsforetaket mener at en instruks fra Kunden, jf. f\u00f8rste avsnitt, er i strid med Personopplysningsregelverket skal Kunden varsles om dette.<\/p><p>Regnskapsforetaket m\u00e5 uten ugrunnet opphold varsle Kunden dersom Regnskapsforetaket ikke vil v\u00e6re i stand til \u00e5 overholde sine forpliktelser etter denne databehandleravtalen.<\/p><p>3.2 Utlevering og taushetsplikt<\/p><p>Regnskapsforetaket skal ikke levere ut Personopplysninger til Tredjeparter, med mindre Kunden p\u00e5 forh\u00e5nd har samtykket skriftlig til slik utlevering, eller det foreligger en lovp\u00e5lagt plikt for Regnskapsforetaket til \u00e5 utlevere Personopplysningene. Utlevering til andre Databehandlere skal skje i samsvar med vilk\u00e5rene i denne databehandleravtalen pkt. 4<\/p><p>Bestemmelsen om taushetsplikt i Standardvilk\u00e5rene pkt. 1.6 gjelder ogs\u00e5 for Personopplysninger som Behandles i medhold av Avtalen.<\/p><p>3.3 Informasjonssikkerhet og avviksmeldinger<\/p><p>Regnskapsforetaket skal treffe alle tiltak som er n\u00f8dvendige for \u00e5 etablere et egnet sikkerhetsniv\u00e5 ved Behandlingen i samsvar med kravene i personvernforordningen artikkel 32. Tiltakene skal dokumenteres.<\/p><p>Regnskapsforetaket skal uten ugrunnet opphold varsle Kunden om ethvert Brudd p\u00e5 personopplysningssikkerheten som har medf\u00f8rt en hendelig eller ulovlig tilintetgj\u00f8relse, tap, endring, uautorisert utlevering av eller tilgang til Personopplysningene som Behandles i medhold av denne databehandleravtalen. Varselet skal inneholde de opplysninger som kreves etter personvernforordningen artikkel 33 nr. 3.<\/p><p>Regnskapsforetaket skal straks iverksette tiltak for \u00e5 hindre eller begrense konsekvensene av sikkerhetsbruddet.<\/p><p>3.4 Bistandsplikt<\/p><p>Regnskapsforetaket skal gi Kunden bistand med \u00e5 etterleve kravene i personvernforordningen artikkel 32 til 36 om informasjonssikkerhet.<\/p><p>Regnskapsforetaket skal ogs\u00e5 bist\u00e5 Kunden med \u00e5 oppfylle Kundens plikt til \u00e5 svare p\u00e5 henvendelser fra Registrerte som \u00f8nsker \u00e5 ut\u00f8ve sine rettigheter etter Forordningen. Regnskapsforetaket skal ikke selv besvare slike henvendelser, men uten ugrunnet opphold videresende henvendelsen til Kunden eller henvise den Registrerte til selv \u00e5 kontakte Kunden direkte.<\/p><p>3.5 Tilgang til informasjon og sikkerhetsrevisjoner<\/p><p>Regnskapsforetaket skal p\u00e5 foresp\u00f8rsel gi Kunden tilgang til all informasjon og dokumentasjon som er n\u00f8dvendig for \u00e5 p\u00e5vise at Behandlingen skjer i samsvar med denne databehandleravtalen og Kundens instrukser.<\/p><p>Dersom Kunden avdekker avvik skal Regnskapsforetaket uten ugrunnet opphold iverksette korrigerende tiltak.<\/p><p><span style=\"text-decoration: underline;\">4. VILK\u00c5R FOR BRUK AV ANDRE DATABEHANDLERE<\/span><\/p><p>Kunden samtykker til at Regnskapsforetaket overlater Personopplysningene som behandles i medhold av Avtalen til andre Databehandlere (underleverand\u00f8rer) som er angitt i Vedlegg 2 i avtalen.<\/p><p>F\u00f8r nye Databehandlere engasjeres i Behandlingen skal Kunden gis et skriftlig varsel, senest to uker f\u00f8r Personopplysningene overlates til den nye Databehandleren. Varselet skal inneholde opplysninger om hvor Behandlingen vil finne sted, jf. denne databehandleravtalens pkt. 5.<\/p><p>Kunden skal kunne protestere mot at Personopplysningene overlates til nye Databehandlere. I s\u00e5 fall skal Partene lojalt fors\u00f8ke \u00e5 enes om en l\u00f8sning som er akseptabel for begge Parter. Dersom dette ikke f\u00f8rer frem kan Avtalen sies opp av begge Parter, i samsvar med Standardvilk\u00e5rene pkt. 1.2.<\/p><p>Regnskapsforetaket skal inng\u00e5 en skriftlig avtale med sine Databehandlere, som p\u00e5legger Databehandlerne de samme forpliktelsene som Regnskapsforetaket selv har i medhold av denne databehandleravtalen. Regnskapsforetaket er fullt ut ansvarlig overfor Kunden, for den Behandlingen som Databehandleren gj\u00f8r.<\/p><p><span style=\"text-decoration: underline;\">5. VILK\u00c5R FOR OVERF\u00d8RING UT AV EU\/E\u00d8S-OMR\u00c5DET<\/span><br \/>Personopplysninger kan bare overf\u00f8res til land utenfor EU\/E\u00d8S-omr\u00e5det, dersom Kunden har gitt et forh\u00e5ndssamtykke til det.<\/p><p>Kunden samtykker til overf\u00f8ring ut av EU\/E\u00d8S-omr\u00e5det som skjer i forbindelse med at Personopplysningene overlates til eksisterende Databehandlere, p\u00e5 de vilk\u00e5r som er angitt i Vedlegg 2 i avtalen.<\/p><p>Som forh\u00e5ndssamtykke etter denne bestemmelsen regnes ogs\u00e5 manglende innsigelser mot at Behandlingen overlates til en Databehandler som Behandler Personopplysningene utenfor EU\/E\u00d8S-omr\u00e5det, jf. denne databehandleravtalen pkt. 4.<\/p><p><span style=\"text-decoration: underline;\">6. SLETTING OG TILBAKEF\u00d8RING AV PERSONOPPLYSNINGER<\/span><\/p><p>Ved Avtalens opph\u00f8r plikter Regnskapsforetaket \u00e5 tilbakelevere, slette eller anonymisere alle Personopplysninger i samsvar med Kundens n\u00e6rmere instrukser p\u00e5 opph\u00f8rstidspunktet. Partene skal lojalt enes om den praktiske gjennomf\u00f8ringen av denne plikten som ivaretar begge Parters behov for \u00e5 oppfylle lovp\u00e5lagte krav og sikre daglig drift.<\/p><p>Sletteplikten gjelder uansett ikke Personopplysninger som inng\u00e5r i Regnskapsf\u00f8rerforetakets egen oppdragsdokumentasjon, jf. denne databehandleravtalens pkt. 2 tredje avsnitt.<\/p><p><span style=\"text-decoration: underline;\">7. DATABEHANDLERAVTALENS VARIGHET OG ENDRINGER<\/span><br \/>Databehandleravtalen gjelder s\u00e5 lenge Regnskapsforetaket behandler personopplysninger p\u00e5 vegne av Kunden. Taushetsplikten gjelder p\u00e5 ubestemt tid.<\/p><p>Databehandleravtalen kan endres ved behov og enighet mellom partene i samsvar med Standardvilk\u00e5rene pkt. 7.<\/p><p><span style=\"text-decoration: underline;\">8. MEDDELELSER OG ANNEN KOMMUNIKASJON<\/span><\/p><p>Meddelelser og annen kommunikasjon etter denne databehandleravtalen skal skje i samsvar med Standardvilk\u00e5rene pkt. 1.4.<\/p><p><span style=\"text-decoration: underline;\">9. LOVVALG OG VERNETING<\/span><\/p><p>Lovvalg og verneting er regulert i Standardvilk\u00e5rene pkt. 15.<\/p>\t\t\t\t\t\t\t\t<\/div>\n\t\t\t\t<\/div>\n\t\t\t\t\t<\/div>\n\t\t<\/div>\n\t\t\t\t\t<\/div>\n\t\t<\/section>\n\t\t\t\t\t<\/div>\n\t\t<\/div>\n\t\t\t\t\t<\/div>\n\t\t<\/section>\n\t\t\t\t<\/div>\n\t\t","protected":false},"excerpt":{"rendered":"<p>Personvern Kort og i store bokstaver Denne personvernerkl\u00e6ringen gjelder for R\u00f6dl Accounting AS sin nettside \u2013 omegaaccounting.wpmudev.host R\u00f6dl Accounting AS er behandlingsansvarlig for personopplysningene som samles inn p\u00e5 denne nettsiden. R\u00f6dl Accounting AS samler ikke inn sensitivepersonopplysninger. Personopplysninger som sendes til oss via e-post, telefon eller kontaktskjema vil bare bli brukt til \u00e5 kontakte deg [&hellip;]<\/p>\n","protected":false},"author":24,"featured_media":0,"parent":0,"menu_order":0,"comment_status":"closed","ping_status":"closed","template":"","meta":{"footnotes":""},"class_list":["post-3817","page","type-page","status-publish","hentry"],"_links":{"self":[{"href":"https:\/\/kunstarkaden.no\/roedl\/en\/wp-json\/wp\/v2\/pages\/3817","targetHints":{"allow":["GET"]}}],"collection":[{"href":"https:\/\/kunstarkaden.no\/roedl\/en\/wp-json\/wp\/v2\/pages"}],"about":[{"href":"https:\/\/kunstarkaden.no\/roedl\/en\/wp-json\/wp\/v2\/types\/page"}],"author":[{"embeddable":true,"href":"https:\/\/kunstarkaden.no\/roedl\/en\/wp-json\/wp\/v2\/users\/24"}],"replies":[{"embeddable":true,"href":"https:\/\/kunstarkaden.no\/roedl\/en\/wp-json\/wp\/v2\/comments?post=3817"}],"version-history":[{"count":0,"href":"https:\/\/kunstarkaden.no\/roedl\/en\/wp-json\/wp\/v2\/pages\/3817\/revisions"}],"wp:attachment":[{"href":"https:\/\/kunstarkaden.no\/roedl\/en\/wp-json\/wp\/v2\/media?parent=3817"}],"curies":[{"name":"wp","href":"https:\/\/api.w.org\/{rel}","templated":true}]}}